{"id":240,"date":"2024-10-02T22:13:18","date_gmt":"2024-10-02T20:13:18","guid":{"rendered":"http:\/\/laraazul.de\/?page_id=240"},"modified":"2025-10-15T10:30:59","modified_gmt":"2025-10-15T08:30:59","slug":"impressum","status":"publish","type":"page","link":"https:\/\/brittaadler.art\/en\/impressum\/","title":{"rendered":"Imprint"},"content":{"rendered":"<p>[et_pb_section fb_built=&#8220;1&#8243; _builder_version=&#8220;4.27.2&#8243; _module_preset=&#8220;default&#8220; global_colors_info=&#8220;{}&#8220;][et_pb_row _builder_version=&#8220;4.27.2&#8243; _module_preset=&#8220;default&#8220; global_colors_info=&#8220;{}&#8220;][et_pb_column type=&#8220;4_4&#8243; _builder_version=&#8220;4.27.2&#8243; _module_preset=&#8220;default&#8220; global_colors_info=&#8220;{}&#8220;][et_pb_text _builder_version=&#8220;4.27.2&#8243; _module_preset=&#8220;default&#8220; global_colors_info=&#8220;{}&#8220;]<\/p>\n<p class=\"p1\"><span class=\"s1\"><i>Angaben gem\u00e4\u00df Informationspflicht laut \u00a7 5 Telemediengesetz (TMG).<\/i><\/span><\/p>\n<p class=\"p1\"><span class=\"s1\">Britta Helbig<\/span><span class=\"s2\"><br \/><\/span><span class=\"s1\">Jonasstr. 29,<\/span><span class=\"s2\"><br \/><\/span><span class=\"s1\">12053 Berlin,<\/span><span class=\"s2\"><br \/><\/span><span class=\"s1\">Deutschland<\/span><\/p>\n<p class=\"p1\"><span class=\"s1\"><b>UID-Nummer:<\/b>\u00a097038625015<\/span><\/p>\n<p class=\"p1\"><span class=\"s1\"><b>Tel.:<\/b>\u00a0+49 (0) 151 5790 5010<\/span><span class=\"s2\"><br \/><\/span><span class=\"s1\"><b>E-Mail:<\/b>\u00a0<a href=\"mailto:britta.adler.art@gmail.com\"><span class=\"s3\">info@arte-veni.de<\/span><\/a><\/span><\/p>\n<p class=\"p1\"><span class=\"s1\"><b>Berufsbezeichnung:<\/b>\u00a0K\u00fcnstlerin, Kuratorin, Coach<\/span><\/p>\n<p class=\"p2\"><span class=\"s1\"><b>EU-Streitschlichtung<\/b><\/span><\/p>\n<p class=\"p1\"><span class=\"s1\">Gem\u00e4\u00df Verordnung \u00fcber Online-Streitbeilegung in Verbraucherangelegenheiten (ODR-Verordnung) m\u00f6chten wir Sie \u00fcber die Online-Streitbeilegungsplattform (OS-Plattform) informieren.<\/span><span class=\"s2\"><br \/><\/span><span class=\"s1\">Verbraucher haben die M\u00f6glichkeit, Beschwerden an die Online Streitbeilegungsplattform der Europ\u00e4ischen Kommission unter\u00a0<a href=\"https:\/\/ec.europa.eu\/consumers\/odr\/main\/index.cfm?event=main.home2.show&amp;lng=DE\"><span class=\"s3\">https:\/\/ec.europa.eu\/consumers\/odr\/main\/index.cfm?event=main.home2.show&amp;lng=DE<\/span><\/a>\u00a0zu richten. Die daf\u00fcr notwendigen Kontaktdaten finden Sie oberhalb in unserem Impressum.<\/span><\/p>\n<p class=\"p1\"><span class=\"s1\">Wir m\u00f6chten Sie jedoch darauf hinweisen, dass wir nicht bereit oder verpflichtet sind, an Streitbeilegungsverfahren vor einer Verbraucherschlichtungsstelle teilzunehmen.<\/span><\/p>\n<p class=\"p2\"><span class=\"s1\"><b>Haftung f\u00fcr Inhalte dieser Website<\/b><\/span><\/p>\n<p class=\"p1\"><span class=\"s1\">Wir entwickeln die Inhalte dieser Website st\u00e4ndig weiter und bem\u00fchen uns korrekte und aktuelle Informationen bereitzustellen. Leider k\u00f6nnen wir keine Haftung f\u00fcr die Korrektheit aller Inhalte auf dieser Website \u00fcbernehmen, speziell f\u00fcr jene, die seitens Dritter bereitgestellt wurden. Als Diensteanbieter sind wir nicht verpflichtet, die von Ihnen \u00fcbermittelten oder gespeicherten Informationen zu \u00fcberwachen oder nach Umst\u00e4nden zu forschen, die auf eine rechtswidrige T\u00e4tigkeit hinweisen.<\/span><\/p>\n<p class=\"p1\"><span class=\"s1\">Unsere Verpflichtungen zur Entfernung von Informationen oder zur Sperrung der Nutzung von Informationen nach den allgemeinen Gesetzen aufgrund von gerichtlichen oder beh\u00f6rdlichen Anordnungen bleiben auch im Falle unserer Nichtverantwortlichkeit davon unber\u00fchrt.<\/span><\/p>\n<p class=\"p1\"><span class=\"s1\">Sollten Ihnen problematische oder rechtswidrige Inhalte auffallen, bitte wir Sie uns umgehend zu kontaktieren, damit wir die rechtswidrigen Inhalte entfernen k\u00f6nnen. Sie finden die Kontaktdaten im Impressum.<\/span><\/p>\n<p class=\"p2\"><span class=\"s1\"><b>Haftung f\u00fcr Links auf dieser Website<\/b><\/span><\/p>\n<p class=\"p1\"><span class=\"s1\">Unsere Website enth\u00e4lt Links zu anderen Websites f\u00fcr deren Inhalt wir nicht verantwortlich sind. Haftung f\u00fcr verlinkte Websites besteht f\u00fcr uns nicht, da wir keine Kenntnis rechtswidriger T\u00e4tigkeiten hatten und haben, uns solche Rechtswidrigkeiten auch bisher nicht aufgefallen sind und wir Links sofort entfernen w\u00fcrden, wenn uns Rechtswidrigkeiten bekannt werden.<\/span><\/p>\n<p class=\"p1\"><span class=\"s1\">Wenn Ihnen rechtswidrige Links auf unserer Website auffallen, bitte wir Sie uns zu kontaktieren. Sie finden die Kontaktdaten im Impressum.<\/span><\/p>\n<p class=\"p2\"><span class=\"s1\"><b>Urheberrechtshinweis<\/b><\/span><\/p>\n<p class=\"p1\"><span class=\"s1\">Alle Inhalte dieser Webseite (Bilder, Fotos, Texte, Videos) unterliegen dem Urheberrecht. Bitte fragen Sie uns bevor Sie die Inhalte dieser Website verbreiten, vervielf\u00e4ltigen oder verwerten wie zum Beispiel auf anderen Websites erneut ver\u00f6ffentlichen. Falls notwendig, werden wir die unerlaubte Nutzung von Teilen der Inhalte unserer Seite rechtlich verfolgen.<\/span><\/p>\n<p class=\"p1\"><span class=\"s1\">Sollten Sie auf dieser Webseite Inhalte finden, die das Urheberrecht verletzen, bitten wir Sie uns zu kontaktieren.<\/span><\/p>\n<p class=\"p2\"><span class=\"s1\"><b>Bildernachweis<\/b><\/span><\/p>\n<p class=\"p1\"><span class=\"s1\">Die Bilder, Fotos und Grafiken auf dieser Webseite sind urheberrechtlich gesch\u00fctzt.<\/span><\/p>\n<p class=\"p1\"><span class=\"s1\"><b>Quellenangaben f\u00fcr die verwendeten Bilder und Grafiken:<br \/><\/b><a href=\"http:\/\/www.istockphoto.com\/\"><span class=\"s3\">http:\/\/www.eleganthemes.com<\/span><\/a><\/span><span class=\"s2\"><br \/><a href=\"http:\/\/www.canva.com\/\"><span class=\"s4\">http:\/\/www.canva.com<\/span><\/a><\/span><\/p>\n<p class=\"p1\"><span class=\"s1\"><i>Die Bilderrechte liegen bei:<\/i><\/span><\/p>\n<p class=\"p1\"><span class=\"s1\">K\u00fcnstlerin Britta Helbig<\/span><span class=\"s2\"><br \/><\/span><span class=\"s1\">Fotografen Ron Helbig<\/span><span class=\"s2\"><br \/><\/span><span class=\"s1\">oder bei den jeweiligen K\u00fcnstler:innen (mit deren Erlaubnis) oder wie extra unter den Bildern angegeben.<\/span><\/p>\n<p class=\"p1\"><span class=\"s1\"><i>Alle Texte sind urheberrechtlich gesch\u00fctzt.<\/i><\/span><\/p>\n<p class=\"p1\"><span class=\"s1\">Quelle: Erstellt mit dem\u00a0<a href=\"https:\/\/www.adsimple.de\/impressum-generator\/\"><span class=\"s3\">Impressum Generator<\/span><\/a>\u00a0von AdSimple<\/span><\/p>\n<p>[\/et_pb_text][\/et_pb_column][\/et_pb_row][\/et_pb_section]<\/p>","protected":false},"excerpt":{"rendered":"<p>Angaben gem\u00e4\u00df Informationspflicht laut \u00a7 5 Telemediengesetz (TMG). Britta HelbigJonasstr. 29,12053 Berlin,Deutschland UID-Nummer:\u00a097038625015 Tel.:\u00a0+49 (0) 151 5790 5010E-Mail:\u00a0info@arte-veni.de Berufsbezeichnung:\u00a0K\u00fcnstlerin, Kuratorin, Coach EU-Streitschlichtung Gem\u00e4\u00df Verordnung \u00fcber Online-Streitbeilegung in Verbraucherangelegenheiten (ODR-Verordnung) m\u00f6chten wir Sie \u00fcber die Online-Streitbeilegungsplattform (OS-Plattform) informieren.Verbraucher haben die M\u00f6glichkeit, Beschwerden an die Online Streitbeilegungsplattform der Europ\u00e4ischen Kommission unter\u00a0https:\/\/ec.europa.eu\/consumers\/odr\/main\/index.cfm?event=main.home2.show&amp;lng=DE\u00a0zu richten. Die daf\u00fcr notwendigen Kontaktdaten finden [&hellip;]<\/p>","protected":false},"author":1,"featured_media":0,"parent":0,"menu_order":0,"comment_status":"closed","ping_status":"closed","template":"","meta":{"_et_pb_use_builder":"on","_et_pb_old_content":"","_et_gb_content_width":"","footnotes":""},"class_list":["post-240","page","type-page","status-publish","hentry"],"_links":{"self":[{"href":"https:\/\/brittaadler.art\/en\/wp-json\/wp\/v2\/pages\/240","targetHints":{"allow":["GET"]}}],"collection":[{"href":"https:\/\/brittaadler.art\/en\/wp-json\/wp\/v2\/pages"}],"about":[{"href":"https:\/\/brittaadler.art\/en\/wp-json\/wp\/v2\/types\/page"}],"author":[{"embeddable":true,"href":"https:\/\/brittaadler.art\/en\/wp-json\/wp\/v2\/users\/1"}],"replies":[{"embeddable":true,"href":"https:\/\/brittaadler.art\/en\/wp-json\/wp\/v2\/comments?post=240"}],"version-history":[{"count":4,"href":"https:\/\/brittaadler.art\/en\/wp-json\/wp\/v2\/pages\/240\/revisions"}],"predecessor-version":[{"id":693,"href":"https:\/\/brittaadler.art\/en\/wp-json\/wp\/v2\/pages\/240\/revisions\/693"}],"wp:attachment":[{"href":"https:\/\/brittaadler.art\/en\/wp-json\/wp\/v2\/media?parent=240"}],"curies":[{"name":"wp","href":"https:\/\/api.w.org\/{rel}","templated":true}]}}